{"id":2376,"date":"2026-02-06T10:20:39","date_gmt":"2026-02-06T09:20:39","guid":{"rendered":"https:\/\/www.technicieneninformatique.be\/?page_id=2376"},"modified":"2026-02-24T16:21:44","modified_gmt":"2026-02-24T15:21:44","slug":"cours-4eme","status":"publish","type":"page","link":"https:\/\/www.technicieneninformatique.be\/index.php\/cours-4eme\/","title":{"rendered":"Cours 4\u00e9me"},"content":{"rendered":"<p>[et_pb_section fb_built=\u00a0\u00bb1&Prime; admin_label=\u00a0\u00bbHero\u00a0\u00bb _builder_version=\u00a0\u00bb4.27.5&Prime; _module_preset=\u00a0\u00bbdefault\u00a0\u00bb background_color=\u00a0\u00bb#000000&Prime; use_background_color_gradient=\u00a0\u00bbon\u00a0\u00bb background_color_gradient_stops=\u00a0\u00bb#03045e 0%|rgba(255,255,255,0) 100%\u00a0\u00bb background_color_gradient_overlays_image=\u00a0\u00bbon\u00a0\u00bb background_image=\u00a0\u00bbhttps:\/\/www.technicieneninformatique.be\/wp-content\/uploads\/2026\/01\/Copie-de-IMG20251014134245-scaled.jpg\u00a0\u00bb custom_padding=\u00a0\u00bb||8vw||false|false\u00a0\u00bb hover_enabled=\u00a0\u00bb0&Prime; locked=\u00a0\u00bboff\u00a0\u00bb collapsed=\u00a0\u00bbon\u00a0\u00bb global_colors_info=\u00a0\u00bb{%22#03045e%22:%91%22background_color_gradient_stops%22%93}\u00a0\u00bb sticky_enabled=\u00a0\u00bb0&Prime;][et_pb_row column_structure=\u00a0\u00bb1_4,3_4&Prime; _builder_version=\u00a0\u00bb4.27.5&Prime; _module_preset=\u00a0\u00bb5138c454-be54-4233-bd3b-f8e6a8747976&Prime; custom_padding=\u00a0\u00bb0px|||||\u00a0\u00bb global_colors_info=\u00a0\u00bb{}\u00a0\u00bb][et_pb_column type=\u00a0\u00bb1_4&Prime; _builder_version=\u00a0\u00bb4.16.0&Prime; _module_preset=\u00a0\u00bb73121f80-a3ef-4484-8763-c3f18e3c56d2&Prime; global_colors_info=\u00a0\u00bb{}\u00a0\u00bb][\/et_pb_column][et_pb_column type=\u00a0\u00bb3_4&Prime; _builder_version=\u00a0\u00bb4.27.5&Prime; _module_preset=\u00a0\u00bb73121f80-a3ef-4484-8763-c3f18e3c56d2&Prime; background_color=\u00a0\u00bb#03045e\u00a0\u00bb custom_padding=\u00a0\u00bb60px|60px|60px|60px|true|true\u00a0\u00bb custom_padding_tablet=\u00a0\u00bb30px|30px|30px|30px|true|true\u00a0\u00bb custom_padding_phone=\u00a0\u00bb20px|20px|20px|20px|true|true\u00a0\u00bb custom_padding_last_edited=\u00a0\u00bbon|desktop\u00a0\u00bb border_radii=\u00a0\u00bbon|6px|6px|6px|6px\u00a0\u00bb global_colors_info=\u00a0\u00bb{%22#03045e%22:%91%22background_color%22%93}\u00a0\u00bb][et_pb_heading title=\u00a0\u00bbUne formation d\u00e8s la 4\u00e9me\u00a0\u00bb _builder_version=\u00a0\u00bb4.24.3&Prime; _module_preset=\u00a0\u00bbddeb8c09-9078-4424-bc15-2efb6572e28e\u00a0\u00bb title_font=\u00a0\u00bbSyne|Syne_weight|||||||\u00a0\u00bb title_text_color=\u00a0\u00bb#FFFFFF\u00a0\u00bb title_font_size=\u00a0\u00bb72px\u00a0\u00bb title_line_height=\u00a0\u00bb1.15em\u00a0\u00bb title_font_size_tablet=\u00a0\u00bb40px\u00a0\u00bb title_font_size_phone=\u00a0\u00bb24px\u00a0\u00bb title_font_size_last_edited=\u00a0\u00bbon|phone\u00a0\u00bb locked=\u00a0\u00bboff\u00a0\u00bb global_colors_info=\u00a0\u00bb{}\u00a0\u00bb][\/et_pb_heading][et_pb_text quote_border_color=\u00a0\u00bb#FFFFFF\u00a0\u00bb _builder_version=\u00a0\u00bb4.24.2&Prime; _module_preset=\u00a0\u00bb0504de1e-f5ff-4281-ba60-cbbe4edf98bc\u00a0\u00bb text_font=\u00a0\u00bbInter|Inter_weight|||||||\u00a0\u00bb text_text_color=\u00a0\u00bb#FFFFFF\u00a0\u00bb text_line_height=\u00a0\u00bb1.75em\u00a0\u00bb link_font=\u00a0\u00bb||||on||||\u00a0\u00bb link_text_color=\u00a0\u00bb#FFFFFF\u00a0\u00bb quote_font=\u00a0\u00bbSyne|Syne_weight|||||||\u00a0\u00bb quote_text_color=\u00a0\u00bb#FFFFFF\u00a0\u00bb header_font=\u00a0\u00bbSyne|Syne_weight|||||||\u00a0\u00bb header_text_color=\u00a0\u00bb#FFFFFF\u00a0\u00bb header_font_size=\u00a0\u00bb72px\u00a0\u00bb header_line_height=\u00a0\u00bb1.15em\u00a0\u00bb header_2_font=\u00a0\u00bbSyne|Syne_weight|||||||\u00a0\u00bb header_2_text_color=\u00a0\u00bb#FFFFFF\u00a0\u00bb header_2_font_size=\u00a0\u00bb50px\u00a0\u00bb header_2_line_height=\u00a0\u00bb1.2em\u00a0\u00bb header_3_font=\u00a0\u00bbSyne|Syne_weight|||||||\u00a0\u00bb header_3_text_color=\u00a0\u00bb#FFFFFF\u00a0\u00bb header_3_font_size=\u00a0\u00bb32px\u00a0\u00bb header_3_line_height=\u00a0\u00bb1.3em\u00a0\u00bb header_4_font=\u00a0\u00bbSyne|Syne_weight|||||||\u00a0\u00bb header_4_text_color=\u00a0\u00bb#FFFFFF\u00a0\u00bb header_4_font_size=\u00a0\u00bb24px\u00a0\u00bb header_4_line_height=\u00a0\u00bb1.4em\u00a0\u00bb header_5_font=\u00a0\u00bbSyne|Syne_weight|||||||\u00a0\u00bb header_5_text_color=\u00a0\u00bb#FFFFFF\u00a0\u00bb header_5_font_size=\u00a0\u00bb18px\u00a0\u00bb header_5_line_height=\u00a0\u00bb1.4em\u00a0\u00bb header_6_font=\u00a0\u00bbSyne|Syne_weight|||||||\u00a0\u00bb header_6_text_color=\u00a0\u00bb#FFFFFF\u00a0\u00bb header_6_line_height=\u00a0\u00bb1.5em\u00a0\u00bb custom_margin=\u00a0\u00bb||||false|false\u00a0\u00bb hover_enabled=\u00a0\u00bb0&Prime; text_font_size_tablet=\u00a0\u00bb15px\u00a0\u00bb text_font_size_phone=\u00a0\u00bb14px\u00a0\u00bb text_font_size_last_edited=\u00a0\u00bbon|phone\u00a0\u00bb header_font_size_tablet=\u00a0\u00bb40px\u00a0\u00bb header_font_size_phone=\u00a0\u00bb24px\u00a0\u00bb header_font_size_last_edited=\u00a0\u00bbon|desktop\u00a0\u00bb header_2_font_size_tablet=\u00a0\u00bb28px\u00a0\u00bb header_2_font_size_phone=\u00a0\u00bb20px\u00a0\u00bb header_2_font_size_last_edited=\u00a0\u00bbon|phone\u00a0\u00bb header_3_font_size_tablet=\u00a0\u00bb22px\u00a0\u00bb header_3_font_size_phone=\u00a0\u00bb17px\u00a0\u00bb header_3_font_size_last_edited=\u00a0\u00bbon|phone\u00a0\u00bb header_4_font_size_tablet=\u00a0\u00bb18px\u00a0\u00bb header_4_font_size_phone=\u00a0\u00bb15px\u00a0\u00bb header_4_font_size_last_edited=\u00a0\u00bbon|tablet\u00a0\u00bb header_5_font_size_tablet=\u00a0\u00bb15px\u00a0\u00bb header_5_font_size_phone=\u00a0\u00bb14px\u00a0\u00bb header_5_font_size_last_edited=\u00a0\u00bbon|desktop\u00a0\u00bb header_6_font_size_tablet=\u00a0\u00bb13px\u00a0\u00bb header_6_font_size_phone=\u00a0\u00bb13px\u00a0\u00bb header_6_font_size_last_edited=\u00a0\u00bbon|desktop\u00a0\u00bb locked=\u00a0\u00bboff\u00a0\u00bb global_colors_info=\u00a0\u00bb{}\u00a0\u00bb sticky_enabled=\u00a0\u00bb0&Prime;]<\/p>\n<p><span style=\"color: #ffffff;\"><span style=\"font-weight: 400;\">Le cours d\u2019informatique appliqu\u00e9e comprend <\/span><b>14 heures de cours techniques<\/b><span style=\"font-weight: 400;\">, dispens\u00e9es par <\/span><b>deux professeurs qui ont chacun leurs sp\u00e9cificit\u00e9s<\/b><span style=\"font-weight: 400;\">.<\/span><\/span><\/p>\n<p>[\/et_pb_text][\/et_pb_column][\/et_pb_row][\/et_pb_section][et_pb_section fb_built=\u00a0\u00bb1&Prime; admin_label=\u00a0\u00bbAbout\u00a0\u00bb _builder_version=\u00a0\u00bb4.27.5&Prime; _module_preset=\u00a0\u00bbdefault\u00a0\u00bb background_color=\u00a0\u00bb#03045e\u00a0\u00bb collapsed=\u00a0\u00bbon\u00a0\u00bb global_colors_info=\u00a0\u00bb{%22#03045e%22:%91%22background_color%22%93}\u00a0\u00bb][et_pb_row _builder_version=\u00a0\u00bb4.25.1&Prime; _module_preset=\u00a0\u00bbdefault\u00a0\u00bb global_colors_info=\u00a0\u00bb{}\u00a0\u00bb][et_pb_column type=\u00a0\u00bb4_4&Prime; _builder_version=\u00a0\u00bb4.25.1&Prime; _module_preset=\u00a0\u00bbdefault\u00a0\u00bb global_colors_info=\u00a0\u00bb{}\u00a0\u00bb][et_pb_heading title=\u00a0\u00bbContenu des cours de 4\u00e8me\u00a0\u00bb _builder_version=\u00a0\u00bb4.27.5&Prime; _module_preset=\u00a0\u00bbc33f07d9-41e0-421a-8799-5799df695cce\u00a0\u00bb title_level=\u00a0\u00bbh2&Prime; title_font=\u00a0\u00bbSyne|Syne_weight|||||||\u00a0\u00bb title_text_color=\u00a0\u00bb#FFFFFF\u00a0\u00bb title_font_size=\u00a0\u00bb50px\u00a0\u00bb title_line_height=\u00a0\u00bb1.2em\u00a0\u00bb custom_margin=\u00a0\u00bb||10px||false|false\u00a0\u00bb title_font_size_tablet=\u00a0\u00bb28px\u00a0\u00bb title_font_size_phone=\u00a0\u00bb20px\u00a0\u00bb title_font_size_last_edited=\u00a0\u00bbon|phone\u00a0\u00bb global_colors_info=\u00a0\u00bb{}\u00a0\u00bb][\/et_pb_heading][\/et_pb_column][\/et_pb_row][et_pb_row column_structure=\u00a0\u00bb1_2,1_2&Prime; _builder_version=\u00a0\u00bb4.25.1&Prime; _module_preset=\u00a0\u00bbdefault\u00a0\u00bb global_colors_info=\u00a0\u00bb{}\u00a0\u00bb custom_padding=\u00a0\u00bb|||8px||\u00a0\u00bb][et_pb_column type=\u00a0\u00bb1_2&Prime; _builder_version=\u00a0\u00bb4.25.1&Prime; _module_preset=\u00a0\u00bbdefault\u00a0\u00bb global_colors_info=\u00a0\u00bb{}\u00a0\u00bb][et_pb_text quote_border_color=\u00a0\u00bb#0077b6&Prime; _builder_version=\u00a0\u00bb4.25.1&Prime; _module_preset=\u00a0\u00bb2c55a9c4-feed-423b-9edb-ae0b5b365cac\u00a0\u00bb text_font=\u00a0\u00bbInter|Inter_weight|||||||\u00a0\u00bb text_text_color=\u00a0\u00bb#3c3a47&Prime; text_line_height=\u00a0\u00bb1.75em\u00a0\u00bb link_font=\u00a0\u00bb|Inter_weight|||||||\u00a0\u00bb link_text_color=\u00a0\u00bb#03045e\u00a0\u00bb quote_font=\u00a0\u00bbSyne|Syne_weight|||||||\u00a0\u00bb quote_text_color=\u00a0\u00bb#0e0c19&Prime; header_font=\u00a0\u00bbSyne|Syne_weight|||||||\u00a0\u00bb header_text_color=\u00a0\u00bb#0e0c19&Prime; header_font_size=\u00a0\u00bb72px\u00a0\u00bb header_line_height=\u00a0\u00bb1.15em\u00a0\u00bb header_2_font=\u00a0\u00bbSyne|Syne_weight|||||||\u00a0\u00bb header_2_text_color=\u00a0\u00bb#0e0c19&Prime; header_2_font_size=\u00a0\u00bb50px\u00a0\u00bb header_2_line_height=\u00a0\u00bb1.2em\u00a0\u00bb header_3_font=\u00a0\u00bbSyne|Syne_weight|||||||\u00a0\u00bb header_3_text_color=\u00a0\u00bb#0e0c19&Prime; header_3_font_size=\u00a0\u00bb32px\u00a0\u00bb header_3_line_height=\u00a0\u00bb1.3em\u00a0\u00bb header_4_font=\u00a0\u00bbSyne|Syne_weight|||||||\u00a0\u00bb header_4_text_color=\u00a0\u00bb#0e0c19&Prime; header_4_font_size=\u00a0\u00bb24px\u00a0\u00bb header_4_line_height=\u00a0\u00bb1.4em\u00a0\u00bb header_5_font=\u00a0\u00bbSyne|Syne_weight|||||||\u00a0\u00bb header_5_text_color=\u00a0\u00bb#0e0c19&Prime; header_5_font_size=\u00a0\u00bb18px\u00a0\u00bb header_5_line_height=\u00a0\u00bb1.4em\u00a0\u00bb header_6_font=\u00a0\u00bbSyne|Syne_weight|||||||\u00a0\u00bb header_6_text_color=\u00a0\u00bb#0e0c19&Prime; header_6_line_height=\u00a0\u00bb1.5em\u00a0\u00bb custom_margin=\u00a0\u00bb||||false|false\u00a0\u00bb custom_padding=\u00a0\u00bb||4px|||\u00a0\u00bb text_font_size_tablet=\u00a0\u00bb15px\u00a0\u00bb text_font_size_phone=\u00a0\u00bb14px\u00a0\u00bb text_font_size_last_edited=\u00a0\u00bbon|phone\u00a0\u00bb header_font_size_tablet=\u00a0\u00bb40px\u00a0\u00bb header_font_size_phone=\u00a0\u00bb24px\u00a0\u00bb header_font_size_last_edited=\u00a0\u00bbon|desktop\u00a0\u00bb header_2_font_size_tablet=\u00a0\u00bb28px\u00a0\u00bb header_2_font_size_phone=\u00a0\u00bb20px\u00a0\u00bb header_2_font_size_last_edited=\u00a0\u00bbon|phone\u00a0\u00bb header_3_font_size_tablet=\u00a0\u00bb22px\u00a0\u00bb header_3_font_size_phone=\u00a0\u00bb17px\u00a0\u00bb header_3_font_size_last_edited=\u00a0\u00bbon|phone\u00a0\u00bb header_4_font_size_tablet=\u00a0\u00bb18px\u00a0\u00bb header_4_font_size_phone=\u00a0\u00bb15px\u00a0\u00bb header_4_font_size_last_edited=\u00a0\u00bbon|tablet\u00a0\u00bb header_5_font_size_tablet=\u00a0\u00bb15px\u00a0\u00bb header_5_font_size_phone=\u00a0\u00bb14px\u00a0\u00bb header_5_font_size_last_edited=\u00a0\u00bbon|desktop\u00a0\u00bb header_6_font_size_tablet=\u00a0\u00bb13px\u00a0\u00bb header_6_font_size_phone=\u00a0\u00bb13px\u00a0\u00bb header_6_font_size_last_edited=\u00a0\u00bbon|desktop\u00a0\u00bb global_colors_info=\u00a0\u00bb{}\u00a0\u00bb]<\/p>\n<p><span style=\"color: #ffffff;\"><span style=\"font-weight: 400;\">Les professeurs abordent de mani\u00e8re \u00e9quilibr\u00e9e <\/span><b>la structure de l\u2019ordinateur, les logiciels et les r\u00e9seaux informatiques<\/b><span style=\"font-weight: 400;\">.<\/span><\/span><\/p>\n<p><span style=\"color: #ffffff;\"><span style=\"font-weight: 400;\">Une partie importante est consacr\u00e9e au mat\u00e9riel informatique et aux composants internes d\u2019un PC.<\/span><span style=\"font-weight: 400;\"><br \/><\/span><span style=\"font-weight: 400;\">Les \u00e9l\u00e8ves apprennent \u00e0 choisir, assembler, maintenir et d\u00e9panner un ordinateur.<\/span><span style=\"font-weight: 400;\"><br \/><\/span><span style=\"font-weight: 400;\">L\u2019ensemble vise \u00e0 d\u00e9velopper des comp\u00e9tences techniques concr\u00e8tes et professionnelles.<\/span><\/span><\/p>\n<p><span style=\"color: #ffffff;\"><span style=\"font-weight: 400;\"><span style=\"font-weight: 400; color: #ffffff;\">Les bases des r\u00e9seaux informatiques, du mat\u00e9riel r\u00e9seau et des param\u00e8tres IP sont abord\u00e9es.<\/span><\/span><\/span><\/p>\n<p>&nbsp;<\/p>\n<p>[\/et_pb_text][\/et_pb_column][et_pb_column type=\u00a0\u00bb1_2&Prime; _builder_version=\u00a0\u00bb4.25.1&Prime; _module_preset=\u00a0\u00bbdefault\u00a0\u00bb global_colors_info=\u00a0\u00bb{}\u00a0\u00bb][et_pb_text quote_border_color=\u00a0\u00bb#0077b6&Prime; _builder_version=\u00a0\u00bb4.27.5&Prime; _module_preset=\u00a0\u00bb2c55a9c4-feed-423b-9edb-ae0b5b365cac\u00a0\u00bb text_font=\u00a0\u00bbInter|Inter_weight|||||||\u00a0\u00bb text_text_color=\u00a0\u00bb#3c3a47&Prime; text_line_height=\u00a0\u00bb1.75em\u00a0\u00bb link_font=\u00a0\u00bb|Inter_weight|||||||\u00a0\u00bb link_text_color=\u00a0\u00bb#03045e\u00a0\u00bb quote_font=\u00a0\u00bbSyne|Syne_weight|||||||\u00a0\u00bb quote_text_color=\u00a0\u00bb#0e0c19&Prime; header_font=\u00a0\u00bbSyne|Syne_weight|||||||\u00a0\u00bb header_text_color=\u00a0\u00bb#0e0c19&Prime; header_font_size=\u00a0\u00bb72px\u00a0\u00bb header_line_height=\u00a0\u00bb1.15em\u00a0\u00bb header_2_font=\u00a0\u00bbSyne|Syne_weight|||||||\u00a0\u00bb header_2_text_color=\u00a0\u00bb#0e0c19&Prime; header_2_font_size=\u00a0\u00bb50px\u00a0\u00bb header_2_line_height=\u00a0\u00bb1.2em\u00a0\u00bb header_3_font=\u00a0\u00bbSyne|Syne_weight|||||||\u00a0\u00bb header_3_text_color=\u00a0\u00bb#0e0c19&Prime; header_3_font_size=\u00a0\u00bb32px\u00a0\u00bb header_3_line_height=\u00a0\u00bb1.3em\u00a0\u00bb header_4_font=\u00a0\u00bbSyne|Syne_weight|||||||\u00a0\u00bb header_4_text_color=\u00a0\u00bb#0e0c19&Prime; header_4_font_size=\u00a0\u00bb24px\u00a0\u00bb header_4_line_height=\u00a0\u00bb1.4em\u00a0\u00bb header_5_font=\u00a0\u00bbSyne|Syne_weight|||||||\u00a0\u00bb header_5_text_color=\u00a0\u00bb#0e0c19&Prime; header_5_font_size=\u00a0\u00bb18px\u00a0\u00bb header_5_line_height=\u00a0\u00bb1.4em\u00a0\u00bb header_6_font=\u00a0\u00bbSyne|Syne_weight|||||||\u00a0\u00bb header_6_text_color=\u00a0\u00bb#0e0c19&Prime; header_6_line_height=\u00a0\u00bb1.5em\u00a0\u00bb custom_margin=\u00a0\u00bb||||false|false\u00a0\u00bb text_font_size_tablet=\u00a0\u00bb15px\u00a0\u00bb text_font_size_phone=\u00a0\u00bb14px\u00a0\u00bb text_font_size_last_edited=\u00a0\u00bbon|phone\u00a0\u00bb header_font_size_tablet=\u00a0\u00bb40px\u00a0\u00bb header_font_size_phone=\u00a0\u00bb24px\u00a0\u00bb header_font_size_last_edited=\u00a0\u00bbon|desktop\u00a0\u00bb header_2_font_size_tablet=\u00a0\u00bb28px\u00a0\u00bb header_2_font_size_phone=\u00a0\u00bb20px\u00a0\u00bb header_2_font_size_last_edited=\u00a0\u00bbon|phone\u00a0\u00bb header_3_font_size_tablet=\u00a0\u00bb22px\u00a0\u00bb header_3_font_size_phone=\u00a0\u00bb17px\u00a0\u00bb header_3_font_size_last_edited=\u00a0\u00bbon|phone\u00a0\u00bb header_4_font_size_tablet=\u00a0\u00bb18px\u00a0\u00bb header_4_font_size_phone=\u00a0\u00bb15px\u00a0\u00bb header_4_font_size_last_edited=\u00a0\u00bbon|tablet\u00a0\u00bb header_5_font_size_tablet=\u00a0\u00bb15px\u00a0\u00bb header_5_font_size_phone=\u00a0\u00bb14px\u00a0\u00bb header_5_font_size_last_edited=\u00a0\u00bbon|desktop\u00a0\u00bb header_6_font_size_tablet=\u00a0\u00bb13px\u00a0\u00bb header_6_font_size_phone=\u00a0\u00bb13px\u00a0\u00bb header_6_font_size_last_edited=\u00a0\u00bbon|desktop\u00a0\u00bb locked=\u00a0\u00bboff\u00a0\u00bb global_colors_info=\u00a0\u00bb{}\u00a0\u00bb]<\/p>\n<p><span style=\"color: #ffffff;\"><span style=\"font-weight: 400;\">Les \u00e9l\u00e8ves d\u00e9couvrent d\u2019abord les outils num\u00e9riques essentiels comme la Gsuite et les suites bureautiques.<\/span><\/span><\/p>\n<p><span style=\"color: #ffffff;\"><span style=\"font-weight: 400;\"><\/span><span style=\"font-weight: 400;\">Les syst\u00e8mes d\u2019exploitation sont \u00e9tudi\u00e9s \u00e0 travers leur fonctionnement, leur installation et leur configuration.<\/span><span style=\"font-weight: 400;\"><br \/><\/span><span style=\"font-weight: 400;\"><\/span><\/span><\/p>\n<p><span style=\"color: #ffffff;\"><span style=\"font-weight: 400;\">La gestion de Windows, des p\u00e9riph\u00e9riques, des drivers et de la s\u00e9curit\u00e9 informatique est mise en pratique.<\/span><span style=\"font-weight: 400;\"><br \/><\/span><span style=\"font-weight: 400;\"><\/span><\/span><\/p>\n<p><span style=\"color: #ffffff;\"><span style=\"font-weight: 400;\">Le cours traite \u00e9galement des logiciels utilis\u00e9s en entreprise et des notions de licence.<\/span><\/span><\/p>\n<p>[\/et_pb_text][\/et_pb_column][\/et_pb_row][\/et_pb_section]<\/p>\n","protected":false},"excerpt":{"rendered":"<p>Le cours d\u2019informatique appliqu\u00e9e comprend 14 heures de cours techniques, dispens\u00e9es par deux professeurs qui ont chacun leurs sp\u00e9cificit\u00e9s.Les professeurs abordent de mani\u00e8re \u00e9quilibr\u00e9e la structure de l\u2019ordinateur, les logiciels et les r\u00e9seaux informatiques. Une partie importante est consacr\u00e9e au mat\u00e9riel informatique et aux composants internes d\u2019un PC.Les \u00e9l\u00e8ves apprennent \u00e0 choisir, assembler, maintenir et [&hellip;]<\/p>\n","protected":false},"author":1,"featured_media":0,"parent":0,"menu_order":0,"comment_status":"closed","ping_status":"closed","template":"","meta":{"_et_pb_use_builder":"on","_et_pb_old_content":"","_et_gb_content_width":"","_monsterinsights_skip_tracking":false,"_monsterinsights_sitenote_active":false,"_monsterinsights_sitenote_note":"","_monsterinsights_sitenote_category":0,"footnotes":""},"class_list":["post-2376","page","type-page","status-publish","hentry"],"yoast_head":"<!-- This site is optimized with the Yoast SEO plugin v27.6 - https:\/\/yoast.com\/product\/yoast-seo-wordpress\/ -->\n<title>Cours 4\u00e9me - Technicien en informatique aux ATC<\/title>\n<meta name=\"robots\" content=\"index, follow, max-snippet:-1, max-image-preview:large, max-video-preview:-1\" \/>\n<link rel=\"canonical\" href=\"https:\/\/www.technicieneninformatique.be\/index.php\/cours-4eme\/\" \/>\n<meta property=\"og:locale\" content=\"fr_FR\" \/>\n<meta property=\"og:type\" content=\"article\" \/>\n<meta property=\"og:title\" content=\"Cours 4\u00e9me - Technicien en informatique aux ATC\" \/>\n<meta property=\"og:description\" content=\"Le cours d\u2019informatique appliqu\u00e9e comprend 14 heures de cours techniques, dispens\u00e9es par deux professeurs qui ont chacun leurs sp\u00e9cificit\u00e9s.Les professeurs abordent de mani\u00e8re \u00e9quilibr\u00e9e la structure de l\u2019ordinateur, les logiciels et les r\u00e9seaux informatiques. Une partie importante est consacr\u00e9e au mat\u00e9riel informatique et aux composants internes d\u2019un PC.Les \u00e9l\u00e8ves apprennent \u00e0 choisir, assembler, maintenir et [&hellip;]\" \/>\n<meta property=\"og:url\" content=\"https:\/\/www.technicieneninformatique.be\/index.php\/cours-4eme\/\" \/>\n<meta property=\"og:site_name\" content=\"Technicien en informatique aux ATC\" \/>\n<meta property=\"article:modified_time\" content=\"2026-02-24T15:21:44+00:00\" \/>\n<meta name=\"twitter:card\" content=\"summary_large_image\" \/>\n<script type=\"application\/ld+json\" class=\"yoast-schema-graph\">{\"@context\":\"https:\\\/\\\/schema.org\",\"@graph\":[{\"@type\":\"WebPage\",\"@id\":\"https:\\\/\\\/www.technicieneninformatique.be\\\/index.php\\\/cours-4eme\\\/\",\"url\":\"https:\\\/\\\/www.technicieneninformatique.be\\\/index.php\\\/cours-4eme\\\/\",\"name\":\"Cours 4\u00e9me - Technicien en informatique aux ATC\",\"isPartOf\":{\"@id\":\"https:\\\/\\\/www.technicieneninformatique.be\\\/#website\"},\"datePublished\":\"2026-02-06T09:20:39+00:00\",\"dateModified\":\"2026-02-24T15:21:44+00:00\",\"breadcrumb\":{\"@id\":\"https:\\\/\\\/www.technicieneninformatique.be\\\/index.php\\\/cours-4eme\\\/#breadcrumb\"},\"inLanguage\":\"fr-FR\",\"potentialAction\":[{\"@type\":\"ReadAction\",\"target\":[\"https:\\\/\\\/www.technicieneninformatique.be\\\/index.php\\\/cours-4eme\\\/\"]}]},{\"@type\":\"BreadcrumbList\",\"@id\":\"https:\\\/\\\/www.technicieneninformatique.be\\\/index.php\\\/cours-4eme\\\/#breadcrumb\",\"itemListElement\":[{\"@type\":\"ListItem\",\"position\":1,\"name\":\"Accueil\",\"item\":\"https:\\\/\\\/www.technicieneninformatique.be\\\/\"},{\"@type\":\"ListItem\",\"position\":2,\"name\":\"Cours 4\u00e9me\"}]},{\"@type\":\"WebSite\",\"@id\":\"https:\\\/\\\/www.technicieneninformatique.be\\\/#website\",\"url\":\"https:\\\/\\\/www.technicieneninformatique.be\\\/\",\"name\":\"Technicien en informatique aux ATC\",\"description\":\"Technicien en informatique ATC Charleroi\",\"publisher\":{\"@id\":\"https:\\\/\\\/www.technicieneninformatique.be\\\/#organization\"},\"alternateName\":\"atc\",\"potentialAction\":[{\"@type\":\"SearchAction\",\"target\":{\"@type\":\"EntryPoint\",\"urlTemplate\":\"https:\\\/\\\/www.technicieneninformatique.be\\\/?s={search_term_string}\"},\"query-input\":{\"@type\":\"PropertyValueSpecification\",\"valueRequired\":true,\"valueName\":\"search_term_string\"}}],\"inLanguage\":\"fr-FR\"},{\"@type\":\"Organization\",\"@id\":\"https:\\\/\\\/www.technicieneninformatique.be\\\/#organization\",\"name\":\"Technicien en informatique aux ATC\",\"url\":\"https:\\\/\\\/www.technicieneninformatique.be\\\/\",\"logo\":{\"@type\":\"ImageObject\",\"inLanguage\":\"fr-FR\",\"@id\":\"https:\\\/\\\/www.technicieneninformatique.be\\\/#\\\/schema\\\/logo\\\/image\\\/\",\"url\":\"https:\\\/\\\/www.technicieneninformatique.be\\\/wp-content\\\/uploads\\\/2021\\\/02\\\/ATC-LOGO.png\",\"contentUrl\":\"https:\\\/\\\/www.technicieneninformatique.be\\\/wp-content\\\/uploads\\\/2021\\\/02\\\/ATC-LOGO.png\",\"width\":150,\"height\":150,\"caption\":\"Technicien en informatique aux ATC\"},\"image\":{\"@id\":\"https:\\\/\\\/www.technicieneninformatique.be\\\/#\\\/schema\\\/logo\\\/image\\\/\"}}]}<\/script>\n<!-- \/ Yoast SEO plugin. -->","yoast_head_json":{"title":"Cours 4\u00e9me - Technicien en informatique aux ATC","robots":{"index":"index","follow":"follow","max-snippet":"max-snippet:-1","max-image-preview":"max-image-preview:large","max-video-preview":"max-video-preview:-1"},"canonical":"https:\/\/www.technicieneninformatique.be\/index.php\/cours-4eme\/","og_locale":"fr_FR","og_type":"article","og_title":"Cours 4\u00e9me - Technicien en informatique aux ATC","og_description":"Le cours d\u2019informatique appliqu\u00e9e comprend 14 heures de cours techniques, dispens\u00e9es par deux professeurs qui ont chacun leurs sp\u00e9cificit\u00e9s.Les professeurs abordent de mani\u00e8re \u00e9quilibr\u00e9e la structure de l\u2019ordinateur, les logiciels et les r\u00e9seaux informatiques. Une partie importante est consacr\u00e9e au mat\u00e9riel informatique et aux composants internes d\u2019un PC.Les \u00e9l\u00e8ves apprennent \u00e0 choisir, assembler, maintenir et [&hellip;]","og_url":"https:\/\/www.technicieneninformatique.be\/index.php\/cours-4eme\/","og_site_name":"Technicien en informatique aux ATC","article_modified_time":"2026-02-24T15:21:44+00:00","twitter_card":"summary_large_image","schema":{"@context":"https:\/\/schema.org","@graph":[{"@type":"WebPage","@id":"https:\/\/www.technicieneninformatique.be\/index.php\/cours-4eme\/","url":"https:\/\/www.technicieneninformatique.be\/index.php\/cours-4eme\/","name":"Cours 4\u00e9me - Technicien en informatique aux ATC","isPartOf":{"@id":"https:\/\/www.technicieneninformatique.be\/#website"},"datePublished":"2026-02-06T09:20:39+00:00","dateModified":"2026-02-24T15:21:44+00:00","breadcrumb":{"@id":"https:\/\/www.technicieneninformatique.be\/index.php\/cours-4eme\/#breadcrumb"},"inLanguage":"fr-FR","potentialAction":[{"@type":"ReadAction","target":["https:\/\/www.technicieneninformatique.be\/index.php\/cours-4eme\/"]}]},{"@type":"BreadcrumbList","@id":"https:\/\/www.technicieneninformatique.be\/index.php\/cours-4eme\/#breadcrumb","itemListElement":[{"@type":"ListItem","position":1,"name":"Accueil","item":"https:\/\/www.technicieneninformatique.be\/"},{"@type":"ListItem","position":2,"name":"Cours 4\u00e9me"}]},{"@type":"WebSite","@id":"https:\/\/www.technicieneninformatique.be\/#website","url":"https:\/\/www.technicieneninformatique.be\/","name":"Technicien en informatique aux ATC","description":"Technicien en informatique ATC Charleroi","publisher":{"@id":"https:\/\/www.technicieneninformatique.be\/#organization"},"alternateName":"atc","potentialAction":[{"@type":"SearchAction","target":{"@type":"EntryPoint","urlTemplate":"https:\/\/www.technicieneninformatique.be\/?s={search_term_string}"},"query-input":{"@type":"PropertyValueSpecification","valueRequired":true,"valueName":"search_term_string"}}],"inLanguage":"fr-FR"},{"@type":"Organization","@id":"https:\/\/www.technicieneninformatique.be\/#organization","name":"Technicien en informatique aux ATC","url":"https:\/\/www.technicieneninformatique.be\/","logo":{"@type":"ImageObject","inLanguage":"fr-FR","@id":"https:\/\/www.technicieneninformatique.be\/#\/schema\/logo\/image\/","url":"https:\/\/www.technicieneninformatique.be\/wp-content\/uploads\/2021\/02\/ATC-LOGO.png","contentUrl":"https:\/\/www.technicieneninformatique.be\/wp-content\/uploads\/2021\/02\/ATC-LOGO.png","width":150,"height":150,"caption":"Technicien en informatique aux ATC"},"image":{"@id":"https:\/\/www.technicieneninformatique.be\/#\/schema\/logo\/image\/"}}]}},"_links":{"self":[{"href":"https:\/\/www.technicieneninformatique.be\/index.php\/wp-json\/wp\/v2\/pages\/2376","targetHints":{"allow":["GET"]}}],"collection":[{"href":"https:\/\/www.technicieneninformatique.be\/index.php\/wp-json\/wp\/v2\/pages"}],"about":[{"href":"https:\/\/www.technicieneninformatique.be\/index.php\/wp-json\/wp\/v2\/types\/page"}],"author":[{"embeddable":true,"href":"https:\/\/www.technicieneninformatique.be\/index.php\/wp-json\/wp\/v2\/users\/1"}],"replies":[{"embeddable":true,"href":"https:\/\/www.technicieneninformatique.be\/index.php\/wp-json\/wp\/v2\/comments?post=2376"}],"version-history":[{"count":7,"href":"https:\/\/www.technicieneninformatique.be\/index.php\/wp-json\/wp\/v2\/pages\/2376\/revisions"}],"predecessor-version":[{"id":2567,"href":"https:\/\/www.technicieneninformatique.be\/index.php\/wp-json\/wp\/v2\/pages\/2376\/revisions\/2567"}],"wp:attachment":[{"href":"https:\/\/www.technicieneninformatique.be\/index.php\/wp-json\/wp\/v2\/media?parent=2376"}],"curies":[{"name":"wp","href":"https:\/\/api.w.org\/{rel}","templated":true}]}}