{"id":2380,"date":"2026-02-06T10:21:08","date_gmt":"2026-02-06T09:21:08","guid":{"rendered":"https:\/\/www.technicieneninformatique.be\/?page_id=2380"},"modified":"2026-02-24T16:23:53","modified_gmt":"2026-02-24T15:23:53","slug":"cours-6eme","status":"publish","type":"page","link":"https:\/\/www.technicieneninformatique.be\/index.php\/cours-6eme\/","title":{"rendered":"Cours 6\u00e9me"},"content":{"rendered":"<p>[et_pb_section fb_built=\u00a0\u00bb1&Prime; admin_label=\u00a0\u00bbHero\u00a0\u00bb _builder_version=\u00a0\u00bb4.27.5&Prime; _module_preset=\u00a0\u00bbdefault\u00a0\u00bb background_color=\u00a0\u00bb#000000&Prime; use_background_color_gradient=\u00a0\u00bbon\u00a0\u00bb background_color_gradient_stops=\u00a0\u00bb#03045e 0%|rgba(255,255,255,0) 100%\u00a0\u00bb background_color_gradient_overlays_image=\u00a0\u00bbon\u00a0\u00bb background_image=\u00a0\u00bbhttps:\/\/www.technicieneninformatique.be\/wp-content\/uploads\/2026\/01\/Copie-de-IMG20251014134245-scaled.jpg\u00a0\u00bb custom_padding=\u00a0\u00bb||8vw||false|false\u00a0\u00bb locked=\u00a0\u00bboff\u00a0\u00bb collapsed=\u00a0\u00bbon\u00a0\u00bb global_colors_info=\u00a0\u00bb{%22#03045e%22:%91%22background_color_gradient_stops%22%93}\u00a0\u00bb][et_pb_row column_structure=\u00a0\u00bb1_4,3_4&Prime; _builder_version=\u00a0\u00bb4.27.5&Prime; _module_preset=\u00a0\u00bb5138c454-be54-4233-bd3b-f8e6a8747976&Prime; custom_padding=\u00a0\u00bb0px|||||\u00a0\u00bb global_colors_info=\u00a0\u00bb{}\u00a0\u00bb][et_pb_column type=\u00a0\u00bb1_4&Prime; _builder_version=\u00a0\u00bb4.16.0&Prime; _module_preset=\u00a0\u00bb73121f80-a3ef-4484-8763-c3f18e3c56d2&Prime; global_colors_info=\u00a0\u00bb{}\u00a0\u00bb][\/et_pb_column][et_pb_column type=\u00a0\u00bb3_4&Prime; _builder_version=\u00a0\u00bb4.27.5&Prime; _module_preset=\u00a0\u00bb73121f80-a3ef-4484-8763-c3f18e3c56d2&Prime; background_color=\u00a0\u00bb#03045e\u00a0\u00bb custom_padding=\u00a0\u00bb60px|60px|60px|60px|true|true\u00a0\u00bb custom_padding_tablet=\u00a0\u00bb30px|30px|30px|30px|true|true\u00a0\u00bb custom_padding_phone=\u00a0\u00bb20px|20px|20px|20px|true|true\u00a0\u00bb custom_padding_last_edited=\u00a0\u00bbon|desktop\u00a0\u00bb border_radii=\u00a0\u00bbon|6px|6px|6px|6px\u00a0\u00bb global_colors_info=\u00a0\u00bb{%22#03045e%22:%91%22background_color%22%93}\u00a0\u00bb][et_pb_heading title=\u00a0\u00bbUne finalit\u00e9 jusqu&rsquo;en 6\u00e8me\u00a0\u00bb _builder_version=\u00a0\u00bb4.24.3&Prime; _module_preset=\u00a0\u00bbddeb8c09-9078-4424-bc15-2efb6572e28e\u00a0\u00bb title_font=\u00a0\u00bbSyne|Syne_weight|||||||\u00a0\u00bb title_text_color=\u00a0\u00bb#FFFFFF\u00a0\u00bb title_font_size=\u00a0\u00bb72px\u00a0\u00bb title_line_height=\u00a0\u00bb1.15em\u00a0\u00bb title_font_size_tablet=\u00a0\u00bb40px\u00a0\u00bb title_font_size_phone=\u00a0\u00bb24px\u00a0\u00bb title_font_size_last_edited=\u00a0\u00bbon|phone\u00a0\u00bb locked=\u00a0\u00bboff\u00a0\u00bb global_colors_info=\u00a0\u00bb{}\u00a0\u00bb][\/et_pb_heading][et_pb_text quote_border_color=\u00a0\u00bb#FFFFFF\u00a0\u00bb _builder_version=\u00a0\u00bb4.27.5&Prime; _module_preset=\u00a0\u00bb0504de1e-f5ff-4281-ba60-cbbe4edf98bc\u00a0\u00bb text_font=\u00a0\u00bbInter|Inter_weight|||||||\u00a0\u00bb text_text_color=\u00a0\u00bb#FFFFFF\u00a0\u00bb text_line_height=\u00a0\u00bb1.75em\u00a0\u00bb link_font=\u00a0\u00bb||||on||||\u00a0\u00bb link_text_color=\u00a0\u00bb#FFFFFF\u00a0\u00bb quote_font=\u00a0\u00bbSyne|Syne_weight|||||||\u00a0\u00bb quote_text_color=\u00a0\u00bb#FFFFFF\u00a0\u00bb header_font=\u00a0\u00bbSyne|Syne_weight|||||||\u00a0\u00bb header_text_color=\u00a0\u00bb#FFFFFF\u00a0\u00bb header_font_size=\u00a0\u00bb72px\u00a0\u00bb header_line_height=\u00a0\u00bb1.15em\u00a0\u00bb header_2_font=\u00a0\u00bbSyne|Syne_weight|||||||\u00a0\u00bb header_2_text_color=\u00a0\u00bb#FFFFFF\u00a0\u00bb header_2_font_size=\u00a0\u00bb50px\u00a0\u00bb header_2_line_height=\u00a0\u00bb1.2em\u00a0\u00bb header_3_font=\u00a0\u00bbSyne|Syne_weight|||||||\u00a0\u00bb header_3_text_color=\u00a0\u00bb#FFFFFF\u00a0\u00bb header_3_font_size=\u00a0\u00bb32px\u00a0\u00bb header_3_line_height=\u00a0\u00bb1.3em\u00a0\u00bb header_4_font=\u00a0\u00bbSyne|Syne_weight|||||||\u00a0\u00bb header_4_text_color=\u00a0\u00bb#FFFFFF\u00a0\u00bb header_4_font_size=\u00a0\u00bb24px\u00a0\u00bb header_4_line_height=\u00a0\u00bb1.4em\u00a0\u00bb header_5_font=\u00a0\u00bbSyne|Syne_weight|||||||\u00a0\u00bb header_5_text_color=\u00a0\u00bb#FFFFFF\u00a0\u00bb header_5_font_size=\u00a0\u00bb18px\u00a0\u00bb header_5_line_height=\u00a0\u00bb1.4em\u00a0\u00bb header_6_font=\u00a0\u00bbSyne|Syne_weight|||||||\u00a0\u00bb header_6_text_color=\u00a0\u00bb#FFFFFF\u00a0\u00bb header_6_line_height=\u00a0\u00bb1.5em\u00a0\u00bb custom_margin=\u00a0\u00bb||||false|false\u00a0\u00bb text_font_size_tablet=\u00a0\u00bb15px\u00a0\u00bb text_font_size_phone=\u00a0\u00bb14px\u00a0\u00bb text_font_size_last_edited=\u00a0\u00bbon|phone\u00a0\u00bb header_font_size_tablet=\u00a0\u00bb40px\u00a0\u00bb header_font_size_phone=\u00a0\u00bb24px\u00a0\u00bb header_font_size_last_edited=\u00a0\u00bbon|desktop\u00a0\u00bb header_2_font_size_tablet=\u00a0\u00bb28px\u00a0\u00bb header_2_font_size_phone=\u00a0\u00bb20px\u00a0\u00bb header_2_font_size_last_edited=\u00a0\u00bbon|phone\u00a0\u00bb header_3_font_size_tablet=\u00a0\u00bb22px\u00a0\u00bb header_3_font_size_phone=\u00a0\u00bb17px\u00a0\u00bb header_3_font_size_last_edited=\u00a0\u00bbon|phone\u00a0\u00bb header_4_font_size_tablet=\u00a0\u00bb18px\u00a0\u00bb header_4_font_size_phone=\u00a0\u00bb15px\u00a0\u00bb header_4_font_size_last_edited=\u00a0\u00bbon|tablet\u00a0\u00bb header_5_font_size_tablet=\u00a0\u00bb15px\u00a0\u00bb header_5_font_size_phone=\u00a0\u00bb14px\u00a0\u00bb header_5_font_size_last_edited=\u00a0\u00bbon|desktop\u00a0\u00bb header_6_font_size_tablet=\u00a0\u00bb13px\u00a0\u00bb header_6_font_size_phone=\u00a0\u00bb13px\u00a0\u00bb header_6_font_size_last_edited=\u00a0\u00bbon|desktop\u00a0\u00bb locked=\u00a0\u00bboff\u00a0\u00bb global_colors_info=\u00a0\u00bb{}\u00a0\u00bb]<\/p>\n<p><span style=\"font-weight: 400;\">Le cours de 6\u00e8me comprend <\/span><b>16 heures de cours techniques<\/b><span style=\"font-weight: 400;\">, encadr\u00e9es par des enseignants sp\u00e9cialis\u00e9s.<\/span><\/p>\n<p>[\/et_pb_text][\/et_pb_column][\/et_pb_row][\/et_pb_section][et_pb_section fb_built=\u00a0\u00bb1&Prime; admin_label=\u00a0\u00bbAbout\u00a0\u00bb _builder_version=\u00a0\u00bb4.27.5&Prime; _module_preset=\u00a0\u00bbdefault\u00a0\u00bb background_color=\u00a0\u00bb#03045e\u00a0\u00bb collapsed=\u00a0\u00bbon\u00a0\u00bb global_colors_info=\u00a0\u00bb{%22#03045e%22:%91%22background_color%22%93}\u00a0\u00bb][et_pb_row _builder_version=\u00a0\u00bb4.25.1&Prime; _module_preset=\u00a0\u00bbdefault\u00a0\u00bb global_colors_info=\u00a0\u00bb{}\u00a0\u00bb][et_pb_column type=\u00a0\u00bb4_4&Prime; _builder_version=\u00a0\u00bb4.25.1&Prime; _module_preset=\u00a0\u00bbdefault\u00a0\u00bb global_colors_info=\u00a0\u00bb{}\u00a0\u00bb][et_pb_heading title=\u00a0\u00bbContenu des cours de 6\u00e8me\u00a0\u00bb _builder_version=\u00a0\u00bb4.27.5&Prime; _module_preset=\u00a0\u00bbc33f07d9-41e0-421a-8799-5799df695cce\u00a0\u00bb title_level=\u00a0\u00bbh2&Prime; title_font=\u00a0\u00bbSyne|Syne_weight|||||||\u00a0\u00bb title_text_color=\u00a0\u00bb#FFFFFF\u00a0\u00bb title_font_size=\u00a0\u00bb50px\u00a0\u00bb title_line_height=\u00a0\u00bb1.2em\u00a0\u00bb custom_margin=\u00a0\u00bb||10px||false|false\u00a0\u00bb title_font_size_tablet=\u00a0\u00bb28px\u00a0\u00bb title_font_size_phone=\u00a0\u00bb20px\u00a0\u00bb title_font_size_last_edited=\u00a0\u00bbon|phone\u00a0\u00bb global_colors_info=\u00a0\u00bb{}\u00a0\u00bb][\/et_pb_heading][\/et_pb_column][\/et_pb_row][et_pb_row column_structure=\u00a0\u00bb1_2,1_2&Prime; _builder_version=\u00a0\u00bb4.25.1&Prime; _module_preset=\u00a0\u00bbdefault\u00a0\u00bb custom_padding=\u00a0\u00bb|||5px||\u00a0\u00bb global_colors_info=\u00a0\u00bb{}\u00a0\u00bb][et_pb_column type=\u00a0\u00bb1_2&Prime; _builder_version=\u00a0\u00bb4.25.1&Prime; _module_preset=\u00a0\u00bbdefault\u00a0\u00bb global_colors_info=\u00a0\u00bb{}\u00a0\u00bb][et_pb_text quote_border_color=\u00a0\u00bb#0077b6&Prime; _builder_version=\u00a0\u00bb4.25.1&Prime; _module_preset=\u00a0\u00bb2c55a9c4-feed-423b-9edb-ae0b5b365cac\u00a0\u00bb text_font=\u00a0\u00bbInter|Inter_weight|||||||\u00a0\u00bb text_text_color=\u00a0\u00bb#3c3a47&Prime; text_line_height=\u00a0\u00bb1.75em\u00a0\u00bb link_font=\u00a0\u00bb|Inter_weight|||||||\u00a0\u00bb link_text_color=\u00a0\u00bb#03045e\u00a0\u00bb quote_font=\u00a0\u00bbSyne|Syne_weight|||||||\u00a0\u00bb quote_text_color=\u00a0\u00bb#0e0c19&Prime; header_font=\u00a0\u00bbSyne|Syne_weight|||||||\u00a0\u00bb header_text_color=\u00a0\u00bb#0e0c19&Prime; header_font_size=\u00a0\u00bb72px\u00a0\u00bb header_line_height=\u00a0\u00bb1.15em\u00a0\u00bb header_2_font=\u00a0\u00bbSyne|Syne_weight|||||||\u00a0\u00bb header_2_text_color=\u00a0\u00bb#0e0c19&Prime; header_2_font_size=\u00a0\u00bb50px\u00a0\u00bb header_2_line_height=\u00a0\u00bb1.2em\u00a0\u00bb header_3_font=\u00a0\u00bbSyne|Syne_weight|||||||\u00a0\u00bb header_3_text_color=\u00a0\u00bb#0e0c19&Prime; header_3_font_size=\u00a0\u00bb32px\u00a0\u00bb header_3_line_height=\u00a0\u00bb1.3em\u00a0\u00bb header_4_font=\u00a0\u00bbSyne|Syne_weight|||||||\u00a0\u00bb header_4_text_color=\u00a0\u00bb#0e0c19&Prime; header_4_font_size=\u00a0\u00bb24px\u00a0\u00bb header_4_line_height=\u00a0\u00bb1.4em\u00a0\u00bb header_5_font=\u00a0\u00bbSyne|Syne_weight|||||||\u00a0\u00bb header_5_text_color=\u00a0\u00bb#0e0c19&Prime; header_5_font_size=\u00a0\u00bb18px\u00a0\u00bb header_5_line_height=\u00a0\u00bb1.4em\u00a0\u00bb header_6_font=\u00a0\u00bbSyne|Syne_weight|||||||\u00a0\u00bb header_6_text_color=\u00a0\u00bb#0e0c19&Prime; header_6_line_height=\u00a0\u00bb1.5em\u00a0\u00bb custom_margin=\u00a0\u00bb||||false|false\u00a0\u00bb custom_padding=\u00a0\u00bb||4px|||\u00a0\u00bb text_font_size_tablet=\u00a0\u00bb15px\u00a0\u00bb text_font_size_phone=\u00a0\u00bb14px\u00a0\u00bb text_font_size_last_edited=\u00a0\u00bbon|phone\u00a0\u00bb header_font_size_tablet=\u00a0\u00bb40px\u00a0\u00bb header_font_size_phone=\u00a0\u00bb24px\u00a0\u00bb header_font_size_last_edited=\u00a0\u00bbon|desktop\u00a0\u00bb header_2_font_size_tablet=\u00a0\u00bb28px\u00a0\u00bb header_2_font_size_phone=\u00a0\u00bb20px\u00a0\u00bb header_2_font_size_last_edited=\u00a0\u00bbon|phone\u00a0\u00bb header_3_font_size_tablet=\u00a0\u00bb22px\u00a0\u00bb header_3_font_size_phone=\u00a0\u00bb17px\u00a0\u00bb header_3_font_size_last_edited=\u00a0\u00bbon|phone\u00a0\u00bb header_4_font_size_tablet=\u00a0\u00bb18px\u00a0\u00bb header_4_font_size_phone=\u00a0\u00bb15px\u00a0\u00bb header_4_font_size_last_edited=\u00a0\u00bbon|tablet\u00a0\u00bb header_5_font_size_tablet=\u00a0\u00bb15px\u00a0\u00bb header_5_font_size_phone=\u00a0\u00bb14px\u00a0\u00bb header_5_font_size_last_edited=\u00a0\u00bbon|desktop\u00a0\u00bb header_6_font_size_tablet=\u00a0\u00bb13px\u00a0\u00bb header_6_font_size_phone=\u00a0\u00bb13px\u00a0\u00bb header_6_font_size_last_edited=\u00a0\u00bbon|desktop\u00a0\u00bb global_colors_info=\u00a0\u00bb{}\u00a0\u00bb]<\/p>\n<p><span style=\"color: #ffffff;\"><span style=\"font-weight: 400;\">Elle vise \u00e0 d\u00e9velopper des comp\u00e9tences avanc\u00e9es en <\/span><b>informatique, r\u00e9seaux et syst\u00e8mes<\/b><span style=\"font-weight: 400;\">.<\/span><\/span><\/p>\n<p><span style=\"color: #ffffff;\"><span style=\"font-weight: 400;\">Les \u00e9l\u00e8ves apprennent \u00e0 traiter des probl\u00e8mes techniques \u00e0 travers des notions de helpdesk et de support informatique.<\/span><span style=\"font-weight: 400;\"><br \/><\/span><span style=\"font-weight: 400;\">Le diagnostic, la maintenance, la documentation des interventions et le travail \u00e0 distance sont abord\u00e9s.<\/span><\/span><\/p>\n<p><span style=\"color: #ffffff;\"><span style=\"font-weight: 400;\">Le cours couvre \u00e9galement le cloud computing, la s\u00e9curit\u00e9 des infrastructures et la gestion des ressources.<\/span><\/span><\/p>\n<p><span style=\"color: #ffffff;\"><span style=\"font-weight: 400;\">Les bases des r\u00e9seaux sont \u00e9tudi\u00e9es \u00e0 travers les mod\u00e8les OSI et TCP\/IP, l\u2019adressage IP et l\u2019analyse r\u00e9seau.<\/span><span style=\"font-weight: 400;\"><br \/><\/span><br \/><\/span><\/p>\n<p>&nbsp;<\/p>\n<p>[\/et_pb_text][\/et_pb_column][et_pb_column type=\u00a0\u00bb1_2&Prime; _builder_version=\u00a0\u00bb4.25.1&Prime; _module_preset=\u00a0\u00bbdefault\u00a0\u00bb global_colors_info=\u00a0\u00bb{}\u00a0\u00bb][et_pb_text quote_border_color=\u00a0\u00bb#0077b6&Prime; _builder_version=\u00a0\u00bb4.27.5&Prime; _module_preset=\u00a0\u00bb2c55a9c4-feed-423b-9edb-ae0b5b365cac\u00a0\u00bb text_font=\u00a0\u00bbInter|Inter_weight|||||||\u00a0\u00bb text_text_color=\u00a0\u00bb#3c3a47&Prime; text_line_height=\u00a0\u00bb1.75em\u00a0\u00bb link_font=\u00a0\u00bb|Inter_weight|||||||\u00a0\u00bb link_text_color=\u00a0\u00bb#03045e\u00a0\u00bb quote_font=\u00a0\u00bbSyne|Syne_weight|||||||\u00a0\u00bb quote_text_color=\u00a0\u00bb#0e0c19&Prime; header_font=\u00a0\u00bbSyne|Syne_weight|||||||\u00a0\u00bb header_text_color=\u00a0\u00bb#0e0c19&Prime; header_font_size=\u00a0\u00bb72px\u00a0\u00bb header_line_height=\u00a0\u00bb1.15em\u00a0\u00bb header_2_font=\u00a0\u00bbSyne|Syne_weight|||||||\u00a0\u00bb header_2_text_color=\u00a0\u00bb#0e0c19&Prime; header_2_font_size=\u00a0\u00bb50px\u00a0\u00bb header_2_line_height=\u00a0\u00bb1.2em\u00a0\u00bb header_3_font=\u00a0\u00bbSyne|Syne_weight|||||||\u00a0\u00bb header_3_text_color=\u00a0\u00bb#0e0c19&Prime; header_3_font_size=\u00a0\u00bb32px\u00a0\u00bb header_3_line_height=\u00a0\u00bb1.3em\u00a0\u00bb header_4_font=\u00a0\u00bbSyne|Syne_weight|||||||\u00a0\u00bb header_4_text_color=\u00a0\u00bb#0e0c19&Prime; header_4_font_size=\u00a0\u00bb24px\u00a0\u00bb header_4_line_height=\u00a0\u00bb1.4em\u00a0\u00bb header_5_font=\u00a0\u00bbSyne|Syne_weight|||||||\u00a0\u00bb header_5_text_color=\u00a0\u00bb#0e0c19&Prime; header_5_font_size=\u00a0\u00bb18px\u00a0\u00bb header_5_line_height=\u00a0\u00bb1.4em\u00a0\u00bb header_6_font=\u00a0\u00bbSyne|Syne_weight|||||||\u00a0\u00bb header_6_text_color=\u00a0\u00bb#0e0c19&Prime; header_6_line_height=\u00a0\u00bb1.5em\u00a0\u00bb custom_margin=\u00a0\u00bb||||false|false\u00a0\u00bb custom_padding=\u00a0\u00bb||0px|||\u00a0\u00bb text_font_size_tablet=\u00a0\u00bb15px\u00a0\u00bb text_font_size_phone=\u00a0\u00bb14px\u00a0\u00bb text_font_size_last_edited=\u00a0\u00bbon|phone\u00a0\u00bb header_font_size_tablet=\u00a0\u00bb40px\u00a0\u00bb header_font_size_phone=\u00a0\u00bb24px\u00a0\u00bb header_font_size_last_edited=\u00a0\u00bbon|desktop\u00a0\u00bb header_2_font_size_tablet=\u00a0\u00bb28px\u00a0\u00bb header_2_font_size_phone=\u00a0\u00bb20px\u00a0\u00bb header_2_font_size_last_edited=\u00a0\u00bbon|phone\u00a0\u00bb header_3_font_size_tablet=\u00a0\u00bb22px\u00a0\u00bb header_3_font_size_phone=\u00a0\u00bb17px\u00a0\u00bb header_3_font_size_last_edited=\u00a0\u00bbon|phone\u00a0\u00bb header_4_font_size_tablet=\u00a0\u00bb18px\u00a0\u00bb header_4_font_size_phone=\u00a0\u00bb15px\u00a0\u00bb header_4_font_size_last_edited=\u00a0\u00bbon|tablet\u00a0\u00bb header_5_font_size_tablet=\u00a0\u00bb15px\u00a0\u00bb header_5_font_size_phone=\u00a0\u00bb14px\u00a0\u00bb header_5_font_size_last_edited=\u00a0\u00bbon|desktop\u00a0\u00bb header_6_font_size_tablet=\u00a0\u00bb13px\u00a0\u00bb header_6_font_size_phone=\u00a0\u00bb13px\u00a0\u00bb header_6_font_size_last_edited=\u00a0\u00bbon|desktop\u00a0\u00bb locked=\u00a0\u00bboff\u00a0\u00bb global_colors_info=\u00a0\u00bb{}\u00a0\u00bb]<\/p>\n<p><span style=\"color: #ffffff;\"><span style=\"font-weight: 400;\">Les \u00e9l\u00e8ves d\u00e9couvrent la configuration d\u2019\u00e9quipements r\u00e9seau, de serveurs Linux et de firewalls.<\/span><\/span><\/p>\n<p><span style=\"color: #ffffff;\"><span style=\"font-weight: 400;\">La virtualisation, les scripts, le SQL et la cr\u00e9ation de sites web compl\u00e8tent la formation technique.<\/span><\/span><\/p>\n<p><span style=\"color: #ffffff;\"><span style=\"font-weight: 400;\">L\u2019ann\u00e9e comprend <\/span><b>quatre semaines de stage en entreprise<\/b><span style=\"font-weight: 400;\"> pour confronter les acquis au monde professionnel.<\/span><\/span><\/p>\n<p><span style=\"color: #ffffff;\"><span style=\"font-weight: 400;\">Une <\/span><b>semaine de formation chez Technobel \u00e0 Ciney<\/b><span style=\"font-weight: 400;\"> permet de r\u00e9aliser un <\/span><b>projet innovant<\/b><span style=\"font-weight: 400;\">, avec <\/span><b>s\u00e9jour en g\u00eete<\/b><span style=\"font-weight: 400;\">, favorisant l\u2019autonomie et le travail en \u00e9quipe.<\/span><\/span><\/p>\n<p>[\/et_pb_text][\/et_pb_column][\/et_pb_row][\/et_pb_section]<\/p>\n","protected":false},"excerpt":{"rendered":"<p>Le cours de 6\u00e8me comprend 16 heures de cours techniques, encadr\u00e9es par des enseignants sp\u00e9cialis\u00e9s.Elle vise \u00e0 d\u00e9velopper des comp\u00e9tences avanc\u00e9es en informatique, r\u00e9seaux et syst\u00e8mes. Les \u00e9l\u00e8ves apprennent \u00e0 traiter des probl\u00e8mes techniques \u00e0 travers des notions de helpdesk et de support informatique.Le diagnostic, la maintenance, la documentation des interventions et le travail \u00e0 [&hellip;]<\/p>\n","protected":false},"author":1,"featured_media":0,"parent":0,"menu_order":0,"comment_status":"closed","ping_status":"closed","template":"","meta":{"_et_pb_use_builder":"on","_et_pb_old_content":"","_et_gb_content_width":"","_monsterinsights_skip_tracking":false,"_monsterinsights_sitenote_active":false,"_monsterinsights_sitenote_note":"","_monsterinsights_sitenote_category":0,"footnotes":""},"class_list":["post-2380","page","type-page","status-publish","hentry"],"yoast_head":"<!-- This site is optimized with the Yoast SEO plugin v27.6 - https:\/\/yoast.com\/product\/yoast-seo-wordpress\/ -->\n<title>Cours 6\u00e9me - Technicien en informatique aux ATC<\/title>\n<meta name=\"robots\" content=\"index, follow, max-snippet:-1, max-image-preview:large, max-video-preview:-1\" \/>\n<link rel=\"canonical\" href=\"https:\/\/www.technicieneninformatique.be\/index.php\/cours-6eme\/\" \/>\n<meta property=\"og:locale\" content=\"fr_FR\" \/>\n<meta property=\"og:type\" content=\"article\" \/>\n<meta property=\"og:title\" content=\"Cours 6\u00e9me - Technicien en informatique aux ATC\" \/>\n<meta property=\"og:description\" content=\"Le cours de 6\u00e8me comprend 16 heures de cours techniques, encadr\u00e9es par des enseignants sp\u00e9cialis\u00e9s.Elle vise \u00e0 d\u00e9velopper des comp\u00e9tences avanc\u00e9es en informatique, r\u00e9seaux et syst\u00e8mes. Les \u00e9l\u00e8ves apprennent \u00e0 traiter des probl\u00e8mes techniques \u00e0 travers des notions de helpdesk et de support informatique.Le diagnostic, la maintenance, la documentation des interventions et le travail \u00e0 [&hellip;]\" \/>\n<meta property=\"og:url\" content=\"https:\/\/www.technicieneninformatique.be\/index.php\/cours-6eme\/\" \/>\n<meta property=\"og:site_name\" content=\"Technicien en informatique aux ATC\" \/>\n<meta property=\"article:modified_time\" content=\"2026-02-24T15:23:53+00:00\" \/>\n<meta name=\"twitter:card\" content=\"summary_large_image\" \/>\n<script type=\"application\/ld+json\" class=\"yoast-schema-graph\">{\"@context\":\"https:\\\/\\\/schema.org\",\"@graph\":[{\"@type\":\"WebPage\",\"@id\":\"https:\\\/\\\/www.technicieneninformatique.be\\\/index.php\\\/cours-6eme\\\/\",\"url\":\"https:\\\/\\\/www.technicieneninformatique.be\\\/index.php\\\/cours-6eme\\\/\",\"name\":\"Cours 6\u00e9me - Technicien en informatique aux ATC\",\"isPartOf\":{\"@id\":\"https:\\\/\\\/www.technicieneninformatique.be\\\/#website\"},\"datePublished\":\"2026-02-06T09:21:08+00:00\",\"dateModified\":\"2026-02-24T15:23:53+00:00\",\"breadcrumb\":{\"@id\":\"https:\\\/\\\/www.technicieneninformatique.be\\\/index.php\\\/cours-6eme\\\/#breadcrumb\"},\"inLanguage\":\"fr-FR\",\"potentialAction\":[{\"@type\":\"ReadAction\",\"target\":[\"https:\\\/\\\/www.technicieneninformatique.be\\\/index.php\\\/cours-6eme\\\/\"]}]},{\"@type\":\"BreadcrumbList\",\"@id\":\"https:\\\/\\\/www.technicieneninformatique.be\\\/index.php\\\/cours-6eme\\\/#breadcrumb\",\"itemListElement\":[{\"@type\":\"ListItem\",\"position\":1,\"name\":\"Accueil\",\"item\":\"https:\\\/\\\/www.technicieneninformatique.be\\\/\"},{\"@type\":\"ListItem\",\"position\":2,\"name\":\"Cours 6\u00e9me\"}]},{\"@type\":\"WebSite\",\"@id\":\"https:\\\/\\\/www.technicieneninformatique.be\\\/#website\",\"url\":\"https:\\\/\\\/www.technicieneninformatique.be\\\/\",\"name\":\"Technicien en informatique aux ATC\",\"description\":\"Technicien en informatique ATC Charleroi\",\"publisher\":{\"@id\":\"https:\\\/\\\/www.technicieneninformatique.be\\\/#organization\"},\"alternateName\":\"atc\",\"potentialAction\":[{\"@type\":\"SearchAction\",\"target\":{\"@type\":\"EntryPoint\",\"urlTemplate\":\"https:\\\/\\\/www.technicieneninformatique.be\\\/?s={search_term_string}\"},\"query-input\":{\"@type\":\"PropertyValueSpecification\",\"valueRequired\":true,\"valueName\":\"search_term_string\"}}],\"inLanguage\":\"fr-FR\"},{\"@type\":\"Organization\",\"@id\":\"https:\\\/\\\/www.technicieneninformatique.be\\\/#organization\",\"name\":\"Technicien en informatique aux ATC\",\"url\":\"https:\\\/\\\/www.technicieneninformatique.be\\\/\",\"logo\":{\"@type\":\"ImageObject\",\"inLanguage\":\"fr-FR\",\"@id\":\"https:\\\/\\\/www.technicieneninformatique.be\\\/#\\\/schema\\\/logo\\\/image\\\/\",\"url\":\"https:\\\/\\\/www.technicieneninformatique.be\\\/wp-content\\\/uploads\\\/2021\\\/02\\\/ATC-LOGO.png\",\"contentUrl\":\"https:\\\/\\\/www.technicieneninformatique.be\\\/wp-content\\\/uploads\\\/2021\\\/02\\\/ATC-LOGO.png\",\"width\":150,\"height\":150,\"caption\":\"Technicien en informatique aux ATC\"},\"image\":{\"@id\":\"https:\\\/\\\/www.technicieneninformatique.be\\\/#\\\/schema\\\/logo\\\/image\\\/\"}}]}<\/script>\n<!-- \/ Yoast SEO plugin. -->","yoast_head_json":{"title":"Cours 6\u00e9me - Technicien en informatique aux ATC","robots":{"index":"index","follow":"follow","max-snippet":"max-snippet:-1","max-image-preview":"max-image-preview:large","max-video-preview":"max-video-preview:-1"},"canonical":"https:\/\/www.technicieneninformatique.be\/index.php\/cours-6eme\/","og_locale":"fr_FR","og_type":"article","og_title":"Cours 6\u00e9me - Technicien en informatique aux ATC","og_description":"Le cours de 6\u00e8me comprend 16 heures de cours techniques, encadr\u00e9es par des enseignants sp\u00e9cialis\u00e9s.Elle vise \u00e0 d\u00e9velopper des comp\u00e9tences avanc\u00e9es en informatique, r\u00e9seaux et syst\u00e8mes. Les \u00e9l\u00e8ves apprennent \u00e0 traiter des probl\u00e8mes techniques \u00e0 travers des notions de helpdesk et de support informatique.Le diagnostic, la maintenance, la documentation des interventions et le travail \u00e0 [&hellip;]","og_url":"https:\/\/www.technicieneninformatique.be\/index.php\/cours-6eme\/","og_site_name":"Technicien en informatique aux ATC","article_modified_time":"2026-02-24T15:23:53+00:00","twitter_card":"summary_large_image","schema":{"@context":"https:\/\/schema.org","@graph":[{"@type":"WebPage","@id":"https:\/\/www.technicieneninformatique.be\/index.php\/cours-6eme\/","url":"https:\/\/www.technicieneninformatique.be\/index.php\/cours-6eme\/","name":"Cours 6\u00e9me - Technicien en informatique aux ATC","isPartOf":{"@id":"https:\/\/www.technicieneninformatique.be\/#website"},"datePublished":"2026-02-06T09:21:08+00:00","dateModified":"2026-02-24T15:23:53+00:00","breadcrumb":{"@id":"https:\/\/www.technicieneninformatique.be\/index.php\/cours-6eme\/#breadcrumb"},"inLanguage":"fr-FR","potentialAction":[{"@type":"ReadAction","target":["https:\/\/www.technicieneninformatique.be\/index.php\/cours-6eme\/"]}]},{"@type":"BreadcrumbList","@id":"https:\/\/www.technicieneninformatique.be\/index.php\/cours-6eme\/#breadcrumb","itemListElement":[{"@type":"ListItem","position":1,"name":"Accueil","item":"https:\/\/www.technicieneninformatique.be\/"},{"@type":"ListItem","position":2,"name":"Cours 6\u00e9me"}]},{"@type":"WebSite","@id":"https:\/\/www.technicieneninformatique.be\/#website","url":"https:\/\/www.technicieneninformatique.be\/","name":"Technicien en informatique aux ATC","description":"Technicien en informatique ATC Charleroi","publisher":{"@id":"https:\/\/www.technicieneninformatique.be\/#organization"},"alternateName":"atc","potentialAction":[{"@type":"SearchAction","target":{"@type":"EntryPoint","urlTemplate":"https:\/\/www.technicieneninformatique.be\/?s={search_term_string}"},"query-input":{"@type":"PropertyValueSpecification","valueRequired":true,"valueName":"search_term_string"}}],"inLanguage":"fr-FR"},{"@type":"Organization","@id":"https:\/\/www.technicieneninformatique.be\/#organization","name":"Technicien en informatique aux ATC","url":"https:\/\/www.technicieneninformatique.be\/","logo":{"@type":"ImageObject","inLanguage":"fr-FR","@id":"https:\/\/www.technicieneninformatique.be\/#\/schema\/logo\/image\/","url":"https:\/\/www.technicieneninformatique.be\/wp-content\/uploads\/2021\/02\/ATC-LOGO.png","contentUrl":"https:\/\/www.technicieneninformatique.be\/wp-content\/uploads\/2021\/02\/ATC-LOGO.png","width":150,"height":150,"caption":"Technicien en informatique aux ATC"},"image":{"@id":"https:\/\/www.technicieneninformatique.be\/#\/schema\/logo\/image\/"}}]}},"_links":{"self":[{"href":"https:\/\/www.technicieneninformatique.be\/index.php\/wp-json\/wp\/v2\/pages\/2380","targetHints":{"allow":["GET"]}}],"collection":[{"href":"https:\/\/www.technicieneninformatique.be\/index.php\/wp-json\/wp\/v2\/pages"}],"about":[{"href":"https:\/\/www.technicieneninformatique.be\/index.php\/wp-json\/wp\/v2\/types\/page"}],"author":[{"embeddable":true,"href":"https:\/\/www.technicieneninformatique.be\/index.php\/wp-json\/wp\/v2\/users\/1"}],"replies":[{"embeddable":true,"href":"https:\/\/www.technicieneninformatique.be\/index.php\/wp-json\/wp\/v2\/comments?post=2380"}],"version-history":[{"count":5,"href":"https:\/\/www.technicieneninformatique.be\/index.php\/wp-json\/wp\/v2\/pages\/2380\/revisions"}],"predecessor-version":[{"id":2569,"href":"https:\/\/www.technicieneninformatique.be\/index.php\/wp-json\/wp\/v2\/pages\/2380\/revisions\/2569"}],"wp:attachment":[{"href":"https:\/\/www.technicieneninformatique.be\/index.php\/wp-json\/wp\/v2\/media?parent=2380"}],"curies":[{"name":"wp","href":"https:\/\/api.w.org\/{rel}","templated":true}]}}